{"id":546,"date":"2022-09-28T15:46:48","date_gmt":"2022-09-28T13:46:48","guid":{"rendered":"https:\/\/www.bohemianleviathan.com\/news-and-info\/"},"modified":"2022-10-13T11:12:54","modified_gmt":"2022-10-13T09:12:54","slug":"news-and-info","status":"publish","type":"page","link":"https:\/\/www.bohemianleviathan.com\/en\/news-and-info\/","title":{"rendered":"News and Info"},"content":{"rendered":"<p>[et_pb_section fb_built=&#8221;1&#8243; admin_label=&#8221;Page Title Section&#8221; _builder_version=&#8221;4.18.0&#8243; use_background_color_gradient=&#8221;on&#8221; background_color_gradient_direction=&#8221;120deg&#8221; background_color_gradient_stops=&#8221;#000000 0%|rgba(0,0,0,0) 100%&#8221; background_color_gradient_overlays_image=&#8221;on&#8221; background_color_gradient_start=&#8221;#000000&#8243; background_color_gradient_end=&#8221;rgba(0,0,0,0)&#8221; background_image=&#8221;https:\/\/www.bohemianleviathan.com\/wp-content\/uploads\/2022\/09\/bohemian_leviathan_zimni2.jpg&#8221; custom_padding=&#8221;110px||110px|&#8221; global_colors_info=&#8221;{}&#8221;][et_pb_row column_structure=&#8221;1_2,1_2&#8243; admin_label=&#8221;Page Title Area&#8221; _builder_version=&#8221;4.16&#8243; background_size=&#8221;initial&#8221; background_position=&#8221;top_left&#8221; background_repeat=&#8221;repeat&#8221; global_colors_info=&#8221;{}&#8221;][et_pb_column type=&#8221;1_2&#8243; _builder_version=&#8221;4.16&#8243; custom_padding=&#8221;|||&#8221; global_colors_info=&#8221;{}&#8221; custom_padding__hover=&#8221;|||&#8221;][et_pb_text admin_label=&#8221;Title&#8221; _builder_version=&#8221;4.18.0&#8243; text_font=&#8221;||||||||&#8221; header_font=&#8221;Poppins|600|||||||&#8221; header_font_size=&#8221;60px&#8221; header_line_height=&#8221;1.2em&#8221; header_2_font=&#8221;||||||||&#8221; background_layout=&#8221;dark&#8221; custom_margin=&#8221;||20px|&#8221; custom_padding=&#8221;|||&#8221; animation_style=&#8221;fade&#8221; header_font_size_tablet=&#8221;&#8221; header_font_size_phone=&#8221;40px&#8221; header_font_size_last_edited=&#8221;on|phone&#8221; global_colors_info=&#8221;{}&#8221;]<\/p>\n<h1>News<\/h1>\n<h1>and Info<\/h1>\n<p>[\/et_pb_text][et_pb_text admin_label=&#8221;Page Subtitle&#8221; _builder_version=&#8221;4.16&#8243; text_font=&#8221;Poppins||||||||&#8221; text_font_size=&#8221;18px&#8221; text_line_height=&#8221;1.8em&#8221; header_font=&#8221;||||||||&#8221; background_layout=&#8221;dark&#8221; animation_style=&#8221;fade&#8221; global_colors_info=&#8221;{}&#8221; custom_padding=&#8221;||0px|||&#8221;]<\/p>\n<p>Don&#8217;t hesitate to contact us<br \/>if you have any questions<\/p>\n<p>[\/et_pb_text][\/et_pb_column][et_pb_column type=&#8221;1_2&#8243; _builder_version=&#8221;4.16&#8243; custom_padding=&#8221;|||&#8221; global_colors_info=&#8221;{}&#8221; custom_padding__hover=&#8221;|||&#8221;][\/et_pb_column][\/et_pb_row][\/et_pb_section][et_pb_section fb_built=&#8221;1&#8243; admin_label=&#8221;Reach Us Section&#8221; _builder_version=&#8221;4.16&#8243; background_color=&#8221;#efe9e4&#8243; custom_padding=&#8221;90px||90px|&#8221; global_colors_info=&#8221;{}&#8221;][et_pb_row column_structure=&#8221;1_2,1_2&#8243; admin_label=&#8221;Reach Us Area&#8221; _builder_version=&#8221;4.16&#8243; global_colors_info=&#8221;{}&#8221;][et_pb_column type=&#8221;1_2&#8243; _builder_version=&#8221;4.16&#8243; custom_padding=&#8221;|||&#8221; global_colors_info=&#8221;{}&#8221; custom_padding__hover=&#8221;|||&#8221;][et_pb_blog fullwidth=&#8221;off&#8221; include_categories=&#8221;all&#8221; show_content=&#8221;on&#8221; _builder_version=&#8221;4.18.0&#8243; _module_preset=&#8221;default&#8221; custom_margin=&#8221;|-559px||||&#8221; animation_style=&#8221;slide&#8221; global_colors_info=&#8221;{}&#8221;][\/et_pb_blog][\/et_pb_column][et_pb_column type=&#8221;1_2&#8243; _builder_version=&#8221;4.16&#8243; custom_padding=&#8221;|||&#8221; global_colors_info=&#8221;{}&#8221; custom_padding__hover=&#8221;|||&#8221;][\/et_pb_column][\/et_pb_row][et_pb_row admin_label=&#8221;Reach Us Area&#8221; _builder_version=&#8221;4.16&#8243; global_colors_info=&#8221;{}&#8221;][et_pb_column type=&#8221;4_4&#8243; _builder_version=&#8221;4.16&#8243; custom_padding=&#8221;|||&#8221; global_colors_info=&#8221;{}&#8221; custom_padding__hover=&#8221;|||&#8221;][et_pb_text admin_label=&#8221;Title&#8221; _builder_version=&#8221;4.18.0&#8243; header_font=&#8221;||||||||&#8221; header_2_font=&#8221;Poppins|600|||||||&#8221; header_2_text_align=&#8221;center&#8221; header_2_font_size=&#8221;36px&#8221; max_width=&#8221;550px&#8221; module_alignment=&#8221;center&#8221; custom_margin=&#8221;||0px|&#8221; animation_style=&#8221;fade&#8221; hover_enabled=&#8221;0&#8243; global_colors_info=&#8221;{}&#8221; sticky_enabled=&#8221;0&#8243;]<\/p>\n<h2>Keep in touch<\/h2>\n<p>[\/et_pb_text][et_pb_divider color=&#8221;#fdb467&#8243; divider_position=&#8221;center&#8221; divider_weight=&#8221;3px&#8221; _builder_version=&#8221;4.16&#8243; max_width=&#8221;50px&#8221; module_alignment=&#8221;center&#8221; custom_margin=&#8221;||20px|&#8221; animation_style=&#8221;slide&#8221; animation_direction=&#8221;top&#8221; animation_intensity_slide=&#8221;10%&#8221; animation_starting_opacity=&#8221;100%&#8221; global_colors_info=&#8221;{}&#8221;][\/et_pb_divider][et_pb_text _builder_version=&#8221;4.18.0&#8243; text_font=&#8221;Poppins||||||||&#8221; text_font_size=&#8221;18px&#8221; text_line_height=&#8221;1.8em&#8221; text_orientation=&#8221;center&#8221; max_width=&#8221;550px&#8221; module_alignment=&#8221;center&#8221; animation_style=&#8221;fade&#8221; global_colors_info=&#8221;{}&#8221;]<\/p>\n<p>You can call, or send us a message <br \/>via e-mail or WhatssApp.<\/p>\n<p>[\/et_pb_text][\/et_pb_column][\/et_pb_row][et_pb_row column_structure=&#8221;1_3,1_3,1_3&#8243; _builder_version=&#8221;4.16&#8243; global_colors_info=&#8221;{}&#8221;][et_pb_column type=&#8221;1_3&#8243; _builder_version=&#8221;4.16&#8243; custom_padding=&#8221;|||&#8221; global_colors_info=&#8221;{}&#8221; custom_padding__hover=&#8221;|||&#8221;][et_pb_blurb title=&#8221;Address&#8221; use_icon=&#8221;on&#8221; font_icon=&#8221;&#xe081;||divi||400&#8243; icon_color=&#8221;#fdb467&#8243; image_icon_width=&#8221;32px&#8221; admin_label=&#8221;Email&#8221; _builder_version=&#8221;4.16&#8243; header_font=&#8221;Poppins|600|||||||&#8221; header_font_size=&#8221;24px&#8221; body_font=&#8221;Poppins||||||||&#8221; body_font_size=&#8221;18px&#8221; body_line_height=&#8221;1.8em&#8221; background_color=&#8221;#ffffff&#8221; text_orientation=&#8221;center&#8221; custom_padding=&#8221;60px|30px|60px|30px&#8221; box_shadow_style=&#8221;preset2&#8243; box_shadow_horizontal=&#8221;0px&#8221; box_shadow_vertical=&#8221;15px&#8221; box_shadow_blur=&#8221;25px&#8221; box_shadow_color=&#8221;rgba(0,0,0,0.05)&#8221; icon_font_size=&#8221;32px&#8221; global_colors_info=&#8221;{}&#8221;]<\/p>\n<p>Linda Vlachov\u00e1<br \/>Pod Trat\u00ed 99<br \/>284 01 Kutn\u00e1 Hora<\/p>\n<p>Czech Republic<\/p>\n<p>[\/et_pb_blurb][\/et_pb_column][et_pb_column type=&#8221;1_3&#8243; _builder_version=&#8221;4.16&#8243; custom_padding=&#8221;|||&#8221; global_colors_info=&#8221;{}&#8221; custom_padding__hover=&#8221;|||&#8221;][et_pb_blurb title=&#8221;Call&#8221; use_icon=&#8221;on&#8221; font_icon=&#8221;&#xe090;||divi||400&#8243; icon_color=&#8221;#fdb467&#8243; image_icon_width=&#8221;32px&#8221; admin_label=&#8221;Email&#8221; _builder_version=&#8221;4.16&#8243; header_font=&#8221;Poppins|600|||||||&#8221; header_font_size=&#8221;24px&#8221; body_font=&#8221;Poppins||||||||&#8221; body_font_size=&#8221;18px&#8221; body_line_height=&#8221;1.8em&#8221; background_color=&#8221;#ffffff&#8221; text_orientation=&#8221;center&#8221; min_height=&#8221;379.4px&#8221; custom_margin=&#8221;||-377px|||&#8221; custom_padding=&#8221;60px|30px|60px|30px&#8221; box_shadow_style=&#8221;preset2&#8243; box_shadow_horizontal=&#8221;0px&#8221; box_shadow_vertical=&#8221;15px&#8221; box_shadow_blur=&#8221;25px&#8221; box_shadow_color=&#8221;rgba(0,0,0,0.05)&#8221; icon_font_size=&#8221;32px&#8221; global_colors_info=&#8221;{}&#8221;]<\/p>\n<p>00420 778 761 088<br \/>or send <br \/>a message<\/p>\n<p>&nbsp;<\/p>\n<p>[\/et_pb_blurb][\/et_pb_column][et_pb_column type=&#8221;1_3&#8243; _builder_version=&#8221;4.16&#8243; custom_padding=&#8221;|||&#8221; global_colors_info=&#8221;{}&#8221; custom_padding__hover=&#8221;|||&#8221;][et_pb_blurb title=&#8221;Keep in touch&#8221; use_icon=&#8221;on&#8221; font_icon=&#8221;&#xe076;||divi||400&#8243; icon_color=&#8221;#fdb467&#8243; image_icon_width=&#8221;32px&#8221; admin_label=&#8221;Email&#8221; _builder_version=&#8221;4.16&#8243; header_font=&#8221;Poppins|600|||||||&#8221; header_font_size=&#8221;24px&#8221; body_font=&#8221;Poppins||||||||&#8221; body_font_size=&#8221;18px&#8221; body_line_height=&#8221;1.8em&#8221; background_color=&#8221;#ffffff&#8221; text_orientation=&#8221;center&#8221; custom_padding=&#8221;60px|30px|60px|30px&#8221; box_shadow_style=&#8221;preset2&#8243; box_shadow_horizontal=&#8221;0px&#8221; box_shadow_vertical=&#8221;15px&#8221; box_shadow_blur=&#8221;25px&#8221; box_shadow_color=&#8221;rgba(0,0,0,0.05)&#8221; icon_font_size=&#8221;32px&#8221; global_colors_info=&#8221;{}&#8221;]<\/p>\n<p><a href=\"mailto:bohemian.leviathan@gmail.com\">bohemian.leviathan<\/a><br \/><a href=\"mailto:bohemian.leviathan@gmail.com\">@gmail.com<\/a><\/p>\n<p>&nbsp;<\/p>\n<p>&nbsp;<\/p>\n<p>[\/et_pb_blurb][\/et_pb_column][\/et_pb_row][et_pb_row disabled_on=&#8221;off|off|off&#8221; admin_label=&#8221;Social Media&#8221; _builder_version=&#8221;4.16&#8243; custom_margin=&#8221;30px|||&#8221; global_colors_info=&#8221;{}&#8221;][et_pb_column type=&#8221;4_4&#8243; _builder_version=&#8221;4.16&#8243; custom_padding=&#8221;|||&#8221; global_colors_info=&#8221;{}&#8221; custom_padding__hover=&#8221;|||&#8221;][et_pb_social_media_follow _builder_version=&#8221;4.18.0&#8243; text_orientation=&#8221;center&#8221; global_colors_info=&#8221;{}&#8221;][et_pb_social_media_follow_network social_network=&#8221;facebook&#8221; url=&#8221;https:\/\/www.facebook.com\/BOHEMIAN-LEVIATHAN-102070492641033\/&#8221; _builder_version=&#8221;4.18.0&#8243; background_color=&#8221;#fdb467&#8243; custom_margin=&#8221;|8px||8px&#8221; custom_padding=&#8221;14px|14px|14px|14px&#8221; border_radii=&#8221;on|100px|100px|100px|100px&#8221; global_colors_info=&#8221;{}&#8221; follow_button=&#8221;off&#8221; url_new_window=&#8221;on&#8221;]facebook[\/et_pb_social_media_follow_network][et_pb_social_media_follow_network social_network=&#8221;youtube&#8221; url=&#8221;https:\/\/www.youtube.com\/channel\/UCECNbA-4mmBXiM_iogNRLJA&#8221; _builder_version=&#8221;4.18.0&#8243; background_color=&#8221;#fdb467&#8243; custom_margin=&#8221;|8px||8px&#8221; custom_padding=&#8221;14px|14px|14px|14px&#8221; border_radii=&#8221;on|100px|100px|100px|100px&#8221; global_colors_info=&#8221;{}&#8221; follow_button=&#8221;off&#8221; url_new_window=&#8221;on&#8221;]youtube[\/et_pb_social_media_follow_network][\/et_pb_social_media_follow][\/et_pb_column][\/et_pb_row][\/et_pb_section][et_pb_section fb_built=&#8221;1&#8243; admin_label=&#8221;Get In Touch Section&#8221; module_id=&#8221;Contact&#8221; _builder_version=&#8221;4.18.0&#8243; background_color=&#8221;#1e1d1c&#8221; custom_padding=&#8221;90px||90px|&#8221; saved_tabs=&#8221;all&#8221; global_colors_info=&#8221;{}&#8221;][et_pb_row _builder_version=&#8221;4.16&#8243; custom_padding=&#8221;||10px|&#8221; global_colors_info=&#8221;{}&#8221;][et_pb_column type=&#8221;4_4&#8243; _builder_version=&#8221;4.16&#8243; custom_padding=&#8221;|||&#8221; global_colors_info=&#8221;{}&#8221; custom_padding__hover=&#8221;|||&#8221;][et_pb_text admin_label=&#8221;Title&#8221; _builder_version=&#8221;4.16&#8243; text_font=&#8221;||||||||&#8221; header_font=&#8221;||||||||&#8221; header_2_font=&#8221;Poppins|600|||||||&#8221; header_2_font_size=&#8221;36px&#8221; header_2_line_height=&#8221;1.2em&#8221; header_3_font=&#8221;||||||||&#8221; text_orientation=&#8221;center&#8221; background_layout=&#8221;dark&#8221; max_width=&#8221;550px&#8221; module_alignment=&#8221;center&#8221; custom_margin=&#8221;||0px|&#8221; animation_style=&#8221;fade&#8221; animation_direction=&#8221;left&#8221; animation_starting_opacity=&#8221;100%&#8221; locked=&#8221;off&#8221; global_colors_info=&#8221;{}&#8221;]<\/p>\n<h2>Contact us<\/h2>\n<p>[\/et_pb_text][et_pb_divider color=&#8221;#fdb467&#8243; divider_position=&#8221;center&#8221; divider_weight=&#8221;3px&#8221; _builder_version=&#8221;4.16&#8243; max_width=&#8221;50px&#8221; module_alignment=&#8221;center&#8221; custom_margin=&#8221;||20px|&#8221; animation_style=&#8221;slide&#8221; animation_direction=&#8221;top&#8221; animation_intensity_slide=&#8221;5%&#8221; animation_starting_opacity=&#8221;100%&#8221; locked=&#8221;off&#8221; global_colors_info=&#8221;{}&#8221;][\/et_pb_divider][et_pb_text _builder_version=&#8221;4.18.0&#8243; text_font=&#8221;Poppins||||||||&#8221; text_text_color=&#8221;rgba(255,255,255,0.7)&#8221; text_font_size=&#8221;18px&#8221; text_line_height=&#8221;1.8em&#8221; text_orientation=&#8221;center&#8221; max_width=&#8221;550px&#8221; module_alignment=&#8221;center&#8221; custom_margin=&#8221;|||&#8221; custom_padding=&#8221;|||&#8221; locked=&#8221;off&#8221; global_colors_info=&#8221;{}&#8221;]<\/p>\n<p>Are you interested in getting puppy?<\/p>\n<p>[\/et_pb_text][\/et_pb_column][\/et_pb_row][et_pb_row _builder_version=&#8221;4.16&#8243; custom_margin=&#8221;20px|||&#8221; global_colors_info=&#8221;{}&#8221;][et_pb_column type=&#8221;4_4&#8243; _builder_version=&#8221;4.16&#8243; custom_padding=&#8221;|||&#8221; global_colors_info=&#8221;{}&#8221; custom_padding__hover=&#8221;|||&#8221;][et_pb_contact_form captcha=&#8221;off&#8221; email=&#8221;bohemian.leviathan@gmail.com&#8221; module_id=&#8221;et_pb_contact_form_0&#8243; _builder_version=&#8221;4.18.0&#8243; title_font=&#8221;||||||||&#8221; form_field_font=&#8221;Poppins||||||||&#8221; form_field_font_size=&#8221;16px&#8221; custom_button=&#8221;on&#8221; button_text_size=&#8221;14px&#8221; button_text_color=&#8221;#ffffff&#8221; button_bg_color=&#8221;#fdb467&#8243; button_border_width=&#8221;8px&#8221; button_border_color=&#8221;#fdb467&#8243; button_border_radius=&#8221;0px&#8221; button_letter_spacing=&#8221;2px&#8221; button_font=&#8221;Poppins|600||on|||||&#8221; button_icon=&#8221;&#x24;||divi||400&#8243; max_width=&#8221;750px&#8221; module_alignment=&#8221;center&#8221; animation_style=&#8221;fade&#8221; global_colors_info=&#8221;{}&#8221;][et_pb_contact_field field_id=&#8221;First_Name&#8221; field_title=&#8221;Name&#8221; _builder_version=&#8221;4.18.0&#8243; global_colors_info=&#8221;{}&#8221; button_text_size__hover_enabled=&#8221;off&#8221; button_one_text_size__hover_enabled=&#8221;off&#8221; button_two_text_size__hover_enabled=&#8221;off&#8221; button_text_color__hover_enabled=&#8221;off&#8221; button_one_text_color__hover_enabled=&#8221;off&#8221; button_two_text_color__hover_enabled=&#8221;off&#8221; button_border_width__hover_enabled=&#8221;off&#8221; button_one_border_width__hover_enabled=&#8221;off&#8221; button_two_border_width__hover_enabled=&#8221;off&#8221; button_border_color__hover_enabled=&#8221;off&#8221; button_one_border_color__hover_enabled=&#8221;off&#8221; button_two_border_color__hover_enabled=&#8221;off&#8221; button_border_radius__hover_enabled=&#8221;off&#8221; button_one_border_radius__hover_enabled=&#8221;off&#8221; button_two_border_radius__hover_enabled=&#8221;off&#8221; button_letter_spacing__hover_enabled=&#8221;off&#8221; button_one_letter_spacing__hover_enabled=&#8221;off&#8221; button_two_letter_spacing__hover_enabled=&#8221;off&#8221; button_bg_color__hover_enabled=&#8221;off&#8221; button_one_bg_color__hover_enabled=&#8221;off&#8221; button_two_bg_color__hover_enabled=&#8221;off&#8221;][\/et_pb_contact_field][et_pb_contact_field field_id=&#8221;Last_Name&#8221; field_title=&#8221;Surname&#8221; required_mark=&#8221;off&#8221; _builder_version=&#8221;4.18.0&#8243; global_colors_info=&#8221;{}&#8221; button_text_size__hover_enabled=&#8221;off&#8221; button_one_text_size__hover_enabled=&#8221;off&#8221; button_two_text_size__hover_enabled=&#8221;off&#8221; button_text_color__hover_enabled=&#8221;off&#8221; button_one_text_color__hover_enabled=&#8221;off&#8221; button_two_text_color__hover_enabled=&#8221;off&#8221; button_border_width__hover_enabled=&#8221;off&#8221; button_one_border_width__hover_enabled=&#8221;off&#8221; button_two_border_width__hover_enabled=&#8221;off&#8221; button_border_color__hover_enabled=&#8221;off&#8221; button_one_border_color__hover_enabled=&#8221;off&#8221; button_two_border_color__hover_enabled=&#8221;off&#8221; button_border_radius__hover_enabled=&#8221;off&#8221; button_one_border_radius__hover_enabled=&#8221;off&#8221; button_two_border_radius__hover_enabled=&#8221;off&#8221; button_letter_spacing__hover_enabled=&#8221;off&#8221; button_one_letter_spacing__hover_enabled=&#8221;off&#8221; button_two_letter_spacing__hover_enabled=&#8221;off&#8221; button_bg_color__hover_enabled=&#8221;off&#8221; button_one_bg_color__hover_enabled=&#8221;off&#8221; button_two_bg_color__hover_enabled=&#8221;off&#8221;][\/et_pb_contact_field][et_pb_contact_field field_id=&#8221;Email&#8221; field_title=&#8221;Your e-mail&#8221; field_type=&#8221;email&#8221; _builder_version=&#8221;4.18.0&#8243; global_colors_info=&#8221;{}&#8221; button_text_size__hover_enabled=&#8221;off&#8221; button_one_text_size__hover_enabled=&#8221;off&#8221; button_two_text_size__hover_enabled=&#8221;off&#8221; button_text_color__hover_enabled=&#8221;off&#8221; button_one_text_color__hover_enabled=&#8221;off&#8221; button_two_text_color__hover_enabled=&#8221;off&#8221; button_border_width__hover_enabled=&#8221;off&#8221; button_one_border_width__hover_enabled=&#8221;off&#8221; button_two_border_width__hover_enabled=&#8221;off&#8221; button_border_color__hover_enabled=&#8221;off&#8221; button_one_border_color__hover_enabled=&#8221;off&#8221; button_two_border_color__hover_enabled=&#8221;off&#8221; button_border_radius__hover_enabled=&#8221;off&#8221; button_one_border_radius__hover_enabled=&#8221;off&#8221; button_two_border_radius__hover_enabled=&#8221;off&#8221; button_letter_spacing__hover_enabled=&#8221;off&#8221; button_one_letter_spacing__hover_enabled=&#8221;off&#8221; button_two_letter_spacing__hover_enabled=&#8221;off&#8221; button_bg_color__hover_enabled=&#8221;off&#8221; button_one_bg_color__hover_enabled=&#8221;off&#8221; button_two_bg_color__hover_enabled=&#8221;off&#8221;][\/et_pb_contact_field][et_pb_contact_field field_id=&#8221;Telefon&#8221; field_title=&#8221;Insert your cell number&#8221; allowed_symbols=&#8221;numbers&#8221; required_mark=&#8221;off&#8221; _builder_version=&#8221;4.18.0&#8243; _module_preset=&#8221;default&#8221; global_colors_info=&#8221;{}&#8221;][\/et_pb_contact_field][et_pb_contact_field field_id=&#8221;Message&#8221; field_title=&#8221;Message&#8221; field_type=&#8221;text&#8221; fullwidth_field=&#8221;on&#8221; _builder_version=&#8221;4.18.0&#8243; global_colors_info=&#8221;{}&#8221; button_text_size__hover_enabled=&#8221;off&#8221; button_one_text_size__hover_enabled=&#8221;off&#8221; button_two_text_size__hover_enabled=&#8221;off&#8221; button_text_color__hover_enabled=&#8221;off&#8221; button_one_text_color__hover_enabled=&#8221;off&#8221; button_two_text_color__hover_enabled=&#8221;off&#8221; button_border_width__hover_enabled=&#8221;off&#8221; button_one_border_width__hover_enabled=&#8221;off&#8221; button_two_border_width__hover_enabled=&#8221;off&#8221; button_border_color__hover_enabled=&#8221;off&#8221; button_one_border_color__hover_enabled=&#8221;off&#8221; button_two_border_color__hover_enabled=&#8221;off&#8221; button_border_radius__hover_enabled=&#8221;off&#8221; button_one_border_radius__hover_enabled=&#8221;off&#8221; button_two_border_radius__hover_enabled=&#8221;off&#8221; button_letter_spacing__hover_enabled=&#8221;off&#8221; button_one_letter_spacing__hover_enabled=&#8221;off&#8221; button_two_letter_spacing__hover_enabled=&#8221;off&#8221; button_bg_color__hover_enabled=&#8221;off&#8221; button_one_bg_color__hover_enabled=&#8221;off&#8221; button_two_bg_color__hover_enabled=&#8221;off&#8221;][\/et_pb_contact_field][\/et_pb_contact_form][\/et_pb_column][\/et_pb_row][\/et_pb_section]<\/p>\n","protected":false},"excerpt":{"rendered":"<p>News and InfoDon&#8217;t hesitate to contact usif you have any questionsKeep in touchYou can call, or send us a message via e-mail or WhatssApp.Linda Vlachov\u00e1Pod Trat\u00ed 99284 01 Kutn\u00e1 Hora Czech Republic00420 778 761 088or send a message &nbsp;bohemian.leviathan@gmail.com &nbsp; &nbsp;facebookyoutubeContact usAre you interested in getting puppy?<\/p>\n","protected":false},"author":1,"featured_media":0,"parent":0,"menu_order":0,"comment_status":"closed","ping_status":"closed","template":"","meta":{"_et_pb_use_builder":"on","_et_pb_old_content":"","_et_gb_content_width":""},"yoast_head":"<!-- This site is optimized with the Yoast SEO plugin v19.6.1 - https:\/\/yoast.com\/wordpress\/plugins\/seo\/ -->\n<title>News and Info - BOHEMIAN LEVIATHAN<\/title>\n<meta name=\"robots\" content=\"index, follow, max-snippet:-1, max-image-preview:large, max-video-preview:-1\" \/>\n<link rel=\"canonical\" href=\"https:\/\/www.bohemianleviathan.com\/en\/news-and-info\/\" \/>\n<meta property=\"og:locale\" content=\"en_US\" \/>\n<meta property=\"og:type\" content=\"article\" \/>\n<meta property=\"og:title\" content=\"News and Info - BOHEMIAN LEVIATHAN\" \/>\n<meta property=\"og:description\" content=\"News and InfoDon&#039;t hesitate to contact usif you have any questionsKeep in touchYou can call, or send us a message via e-mail or WhatssApp.Linda Vlachov\u00e1Pod Trat\u00ed 99284 01 Kutn\u00e1 Hora Czech Republic00420 778 761 088or send a message &nbsp;bohemian.leviathan@gmail.com &nbsp; &nbsp;facebookyoutubeContact usAre you interested in getting puppy?\" \/>\n<meta property=\"og:url\" content=\"https:\/\/www.bohemianleviathan.com\/en\/news-and-info\/\" \/>\n<meta property=\"og:site_name\" content=\"BOHEMIAN LEVIATHAN\" \/>\n<meta property=\"article:modified_time\" content=\"2022-10-13T09:12:54+00:00\" \/>\n<meta name=\"twitter:card\" content=\"summary_large_image\" \/>\n<meta name=\"twitter:label1\" content=\"Est. reading time\" \/>\n\t<meta name=\"twitter:data1\" content=\"10 minutes\" \/>\n<script type=\"application\/ld+json\" class=\"yoast-schema-graph\">{\"@context\":\"https:\/\/schema.org\",\"@graph\":[{\"@type\":\"WebPage\",\"@id\":\"https:\/\/www.bohemianleviathan.com\/en\/news-and-info\/\",\"url\":\"https:\/\/www.bohemianleviathan.com\/en\/news-and-info\/\",\"name\":\"News and Info - BOHEMIAN LEVIATHAN\",\"isPartOf\":{\"@id\":\"https:\/\/www.bohemianleviathan.com\/#website\"},\"datePublished\":\"2022-09-28T13:46:48+00:00\",\"dateModified\":\"2022-10-13T09:12:54+00:00\",\"breadcrumb\":{\"@id\":\"https:\/\/www.bohemianleviathan.com\/en\/news-and-info\/#breadcrumb\"},\"inLanguage\":\"en-US\",\"potentialAction\":[{\"@type\":\"ReadAction\",\"target\":[\"https:\/\/www.bohemianleviathan.com\/en\/news-and-info\/\"]}]},{\"@type\":\"BreadcrumbList\",\"@id\":\"https:\/\/www.bohemianleviathan.com\/en\/news-and-info\/#breadcrumb\",\"itemListElement\":[{\"@type\":\"ListItem\",\"position\":1,\"name\":\"Dom\u016f\",\"item\":\"https:\/\/www.bohemianleviathan.com\/en\/\"},{\"@type\":\"ListItem\",\"position\":2,\"name\":\"News and Info\"}]},{\"@type\":\"WebSite\",\"@id\":\"https:\/\/www.bohemianleviathan.com\/#website\",\"url\":\"https:\/\/www.bohemianleviathan.com\/\",\"name\":\"BOHEMIAN LEVIATHAN\",\"description\":\"Rottweiler kennel (breeder), Chovn\u00e1 stanice Rotvajler\",\"potentialAction\":[{\"@type\":\"SearchAction\",\"target\":{\"@type\":\"EntryPoint\",\"urlTemplate\":\"https:\/\/www.bohemianleviathan.com\/?s={search_term_string}\"},\"query-input\":\"required name=search_term_string\"}],\"inLanguage\":\"en-US\"}]}<\/script>\n<!-- \/ Yoast SEO plugin. -->","yoast_head_json":{"title":"News and Info - BOHEMIAN LEVIATHAN","robots":{"index":"index","follow":"follow","max-snippet":"max-snippet:-1","max-image-preview":"max-image-preview:large","max-video-preview":"max-video-preview:-1"},"canonical":"https:\/\/www.bohemianleviathan.com\/en\/news-and-info\/","og_locale":"en_US","og_type":"article","og_title":"News and Info - BOHEMIAN LEVIATHAN","og_description":"News and InfoDon't hesitate to contact usif you have any questionsKeep in touchYou can call, or send us a message via e-mail or WhatssApp.Linda Vlachov\u00e1Pod Trat\u00ed 99284 01 Kutn\u00e1 Hora Czech Republic00420 778 761 088or send a message &nbsp;bohemian.leviathan@gmail.com &nbsp; &nbsp;facebookyoutubeContact usAre you interested in getting puppy?","og_url":"https:\/\/www.bohemianleviathan.com\/en\/news-and-info\/","og_site_name":"BOHEMIAN LEVIATHAN","article_modified_time":"2022-10-13T09:12:54+00:00","twitter_card":"summary_large_image","twitter_misc":{"Est. reading time":"10 minutes"},"schema":{"@context":"https:\/\/schema.org","@graph":[{"@type":"WebPage","@id":"https:\/\/www.bohemianleviathan.com\/en\/news-and-info\/","url":"https:\/\/www.bohemianleviathan.com\/en\/news-and-info\/","name":"News and Info - BOHEMIAN LEVIATHAN","isPartOf":{"@id":"https:\/\/www.bohemianleviathan.com\/#website"},"datePublished":"2022-09-28T13:46:48+00:00","dateModified":"2022-10-13T09:12:54+00:00","breadcrumb":{"@id":"https:\/\/www.bohemianleviathan.com\/en\/news-and-info\/#breadcrumb"},"inLanguage":"en-US","potentialAction":[{"@type":"ReadAction","target":["https:\/\/www.bohemianleviathan.com\/en\/news-and-info\/"]}]},{"@type":"BreadcrumbList","@id":"https:\/\/www.bohemianleviathan.com\/en\/news-and-info\/#breadcrumb","itemListElement":[{"@type":"ListItem","position":1,"name":"Dom\u016f","item":"https:\/\/www.bohemianleviathan.com\/en\/"},{"@type":"ListItem","position":2,"name":"News and Info"}]},{"@type":"WebSite","@id":"https:\/\/www.bohemianleviathan.com\/#website","url":"https:\/\/www.bohemianleviathan.com\/","name":"BOHEMIAN LEVIATHAN","description":"Rottweiler kennel (breeder), Chovn\u00e1 stanice Rotvajler","potentialAction":[{"@type":"SearchAction","target":{"@type":"EntryPoint","urlTemplate":"https:\/\/www.bohemianleviathan.com\/?s={search_term_string}"},"query-input":"required name=search_term_string"}],"inLanguage":"en-US"}]}},"_links":{"self":[{"href":"https:\/\/www.bohemianleviathan.com\/en\/wp-json\/wp\/v2\/pages\/546"}],"collection":[{"href":"https:\/\/www.bohemianleviathan.com\/en\/wp-json\/wp\/v2\/pages"}],"about":[{"href":"https:\/\/www.bohemianleviathan.com\/en\/wp-json\/wp\/v2\/types\/page"}],"author":[{"embeddable":true,"href":"https:\/\/www.bohemianleviathan.com\/en\/wp-json\/wp\/v2\/users\/1"}],"replies":[{"embeddable":true,"href":"https:\/\/www.bohemianleviathan.com\/en\/wp-json\/wp\/v2\/comments?post=546"}],"version-history":[{"count":11,"href":"https:\/\/www.bohemianleviathan.com\/en\/wp-json\/wp\/v2\/pages\/546\/revisions"}],"predecessor-version":[{"id":566,"href":"https:\/\/www.bohemianleviathan.com\/en\/wp-json\/wp\/v2\/pages\/546\/revisions\/566"}],"wp:attachment":[{"href":"https:\/\/www.bohemianleviathan.com\/en\/wp-json\/wp\/v2\/media?parent=546"}],"curies":[{"name":"wp","href":"https:\/\/api.w.org\/{rel}","templated":true}]}}